{"id":38,"date":"2021-01-01T18:30:27","date_gmt":"2021-01-01T17:30:27","guid":{"rendered":"https:\/\/sokol.strazov.cz\/?page_id=38"},"modified":"2021-01-01T18:30:27","modified_gmt":"2021-01-01T17:30:27","slug":"roster","status":"publish","type":"page","link":"https:\/\/sokol.strazov.cz\/index.php\/roster\/","title":{"rendered":"Roster"},"content":{"rendered":"<p>Toto je uk\u00e1zka Seznam hr\u00e1\u010d\u016f. Jako nov\u00fd SportsPress u\u017eivatel, m\u016f\u017ee\u0161 j\u00edt na tvoji n\u00e1st\u011bnku ke smaz\u00e1n\u00ed Seznam hr\u00e1\u010d\u016f a vytvo\u0159en\u00ed nov\u00e9ho Seznamy hr\u00e1\u010d\u016f tv\u00e9ho obsahu. Bavte se!<div class=\"sportspress\">\n\t\t<div id='sp-player-gallery-32' class='gallery galleryid-32 gallery-columns-3 gallery-size-sportspress-crop-medium'>\t<div class=\"sp-template sp-template-player-gallery sp-template-gallery\"><div class=\"sp-player-gallery-wrapper sp-gallery-wrapper\"><dl class='gallery-item'>\n\t<dt class='gallery-icon portrait'><a href=\"https:\/\/sokol.strazov.cz\/index.php\/player\/michal\/\"><img loading=\"lazy\" decoding=\"async\" width=\"150\" height=\"150\" src=\"\/\/www.gravatar.com\/avatar\/?s=150&amp;d=mm&amp;f=y\" class=\"attachment-thumbnail wp-post-image\"><\/a><\/dt><a href=\"https:\/\/sokol.strazov.cz\/index.php\/player\/michal\/\"><dd class=\"wp-caption-text gallery-caption small-3 columns has-number\"><strong>1<\/strong> Michal<\/dd><\/a><\/dl><dl class='gallery-item'>\n\t<dt class='gallery-icon portrait'><a href=\"https:\/\/sokol.strazov.cz\/index.php\/player\/david\/\"><img loading=\"lazy\" decoding=\"async\" width=\"150\" height=\"150\" src=\"\/\/www.gravatar.com\/avatar\/?s=150&amp;d=mm&amp;f=y\" class=\"attachment-thumbnail wp-post-image\"><\/a><\/dt><a href=\"https:\/\/sokol.strazov.cz\/index.php\/player\/david\/\"><dd class=\"wp-caption-text gallery-caption small-3 columns has-number\"><strong>2<\/strong> David<\/dd><\/a><\/dl><dl class='gallery-item'>\n\t<dt class='gallery-icon portrait'><a href=\"https:\/\/sokol.strazov.cz\/index.php\/player\/zbynek\/\"><img loading=\"lazy\" decoding=\"async\" width=\"150\" height=\"150\" src=\"\/\/www.gravatar.com\/avatar\/?s=150&amp;d=mm&amp;f=y\" class=\"attachment-thumbnail wp-post-image\"><\/a><\/dt><a href=\"https:\/\/sokol.strazov.cz\/index.php\/player\/zbynek\/\"><dd class=\"wp-caption-text gallery-caption small-3 columns has-number\"><strong>3<\/strong> Zbyn\u011bk<\/dd><\/a><\/dl><\/div><\/div><\/div>\n<\/div><\/p>\n","protected":false},"excerpt":{"rendered":"<p>Toto je uk\u00e1zka Seznam hr\u00e1\u010d\u016f. Jako nov\u00fd SportsPress u\u017eivatel, m\u016f\u017ee\u0161 j\u00edt na tvoji n\u00e1st\u011bnku ke smaz\u00e1n\u00ed Seznam hr\u00e1\u010d\u016f a vytvo\u0159en\u00ed nov\u00e9ho Seznamy hr\u00e1\u010d\u016f tv\u00e9ho obsahu. Bavte se!<\/p>\n","protected":false},"author":1,"featured_media":0,"parent":0,"menu_order":0,"comment_status":"closed","ping_status":"closed","template":"","meta":{"_kad_post_transparent":"","_kad_post_title":"","_kad_post_layout":"","_kad_post_sidebar_id":"","_kad_post_content_style":"","_kad_post_vertical_padding":"","_kad_post_feature":"","_kad_post_feature_position":"","_kad_post_header":false,"_kad_post_footer":false,"_kad_post_classname":"","footnotes":""},"class_list":["post-38","page","type-page","status-publish","hentry"],"yoast_head":"<!-- This site is optimized with the Yoast SEO plugin v27.5 - https:\/\/yoast.com\/product\/yoast-seo-wordpress\/ -->\n<title>Roster - TJ Sokol Str\u00e1\u017eov<\/title>\n<meta name=\"robots\" content=\"index, follow, max-snippet:-1, max-image-preview:large, max-video-preview:-1\" \/>\n<link rel=\"canonical\" href=\"https:\/\/sokol.strazov.cz\/index.php\/roster\/\" \/>\n<meta property=\"og:locale\" content=\"cs_CZ\" \/>\n<meta property=\"og:type\" content=\"article\" \/>\n<meta property=\"og:title\" content=\"Roster - TJ Sokol Str\u00e1\u017eov\" \/>\n<meta property=\"og:description\" content=\"Toto je uk\u00e1zka Seznam hr\u00e1\u010d\u016f. Jako nov\u00fd SportsPress u\u017eivatel, m\u016f\u017ee\u0161 j\u00edt na tvoji n\u00e1st\u011bnku ke smaz\u00e1n\u00ed Seznam hr\u00e1\u010d\u016f a vytvo\u0159en\u00ed nov\u00e9ho Seznamy hr\u00e1\u010d\u016f tv\u00e9ho obsahu. Bavte se!\" \/>\n<meta property=\"og:url\" content=\"https:\/\/sokol.strazov.cz\/index.php\/roster\/\" \/>\n<meta property=\"og:site_name\" content=\"TJ Sokol Str\u00e1\u017eov\" \/>\n<meta name=\"twitter:card\" content=\"summary_large_image\" \/>\n<script type=\"application\/ld+json\" class=\"yoast-schema-graph\">{\"@context\":\"https:\\\/\\\/schema.org\",\"@graph\":[{\"@type\":\"WebPage\",\"@id\":\"https:\\\/\\\/sokol.strazov.cz\\\/index.php\\\/roster\\\/\",\"url\":\"https:\\\/\\\/sokol.strazov.cz\\\/index.php\\\/roster\\\/\",\"name\":\"Roster - TJ Sokol Str\u00e1\u017eov\",\"isPartOf\":{\"@id\":\"https:\\\/\\\/sokol.strazov.cz\\\/#website\"},\"datePublished\":\"2021-01-01T17:30:27+00:00\",\"breadcrumb\":{\"@id\":\"https:\\\/\\\/sokol.strazov.cz\\\/index.php\\\/roster\\\/#breadcrumb\"},\"inLanguage\":\"cs\",\"potentialAction\":[{\"@type\":\"ReadAction\",\"target\":[\"https:\\\/\\\/sokol.strazov.cz\\\/index.php\\\/roster\\\/\"]}]},{\"@type\":\"BreadcrumbList\",\"@id\":\"https:\\\/\\\/sokol.strazov.cz\\\/index.php\\\/roster\\\/#breadcrumb\",\"itemListElement\":[{\"@type\":\"ListItem\",\"position\":1,\"name\":\"Home\",\"item\":\"https:\\\/\\\/sokol.strazov.cz\\\/\"},{\"@type\":\"ListItem\",\"position\":2,\"name\":\"Roster\"}]},{\"@type\":\"WebSite\",\"@id\":\"https:\\\/\\\/sokol.strazov.cz\\\/#website\",\"url\":\"https:\\\/\\\/sokol.strazov.cz\\\/\",\"name\":\"TJ Sokol Str\u00e1\u017eov\",\"description\":\"\",\"publisher\":{\"@id\":\"https:\\\/\\\/sokol.strazov.cz\\\/#organization\"},\"potentialAction\":[{\"@type\":\"SearchAction\",\"target\":{\"@type\":\"EntryPoint\",\"urlTemplate\":\"https:\\\/\\\/sokol.strazov.cz\\\/?s={search_term_string}\"},\"query-input\":{\"@type\":\"PropertyValueSpecification\",\"valueRequired\":true,\"valueName\":\"search_term_string\"}}],\"inLanguage\":\"cs\"},{\"@type\":\"Organization\",\"@id\":\"https:\\\/\\\/sokol.strazov.cz\\\/#organization\",\"name\":\"TJ Sokol Str\u00e1\u017eov\",\"url\":\"https:\\\/\\\/sokol.strazov.cz\\\/\",\"logo\":{\"@type\":\"ImageObject\",\"inLanguage\":\"cs\",\"@id\":\"https:\\\/\\\/sokol.strazov.cz\\\/#\\\/schema\\\/logo\\\/image\\\/\",\"url\":\"https:\\\/\\\/sokol.strazov.cz\\\/wp-content\\\/uploads\\\/2021\\\/01\\\/cropped-sokol.jpg\",\"contentUrl\":\"https:\\\/\\\/sokol.strazov.cz\\\/wp-content\\\/uploads\\\/2021\\\/01\\\/cropped-sokol.jpg\",\"width\":512,\"height\":512,\"caption\":\" TJ Sokol Str\u00e1\u017eov\"},\"image\":{\"@id\":\"https:\\\/\\\/sokol.strazov.cz\\\/#\\\/schema\\\/logo\\\/image\\\/\"}}]}<\/script>\n<!-- \/ Yoast SEO plugin. -->","yoast_head_json":{"title":"Roster - TJ Sokol Str\u00e1\u017eov","robots":{"index":"index","follow":"follow","max-snippet":"max-snippet:-1","max-image-preview":"max-image-preview:large","max-video-preview":"max-video-preview:-1"},"canonical":"https:\/\/sokol.strazov.cz\/index.php\/roster\/","og_locale":"cs_CZ","og_type":"article","og_title":"Roster - TJ Sokol Str\u00e1\u017eov","og_description":"Toto je uk\u00e1zka Seznam hr\u00e1\u010d\u016f. Jako nov\u00fd SportsPress u\u017eivatel, m\u016f\u017ee\u0161 j\u00edt na tvoji n\u00e1st\u011bnku ke smaz\u00e1n\u00ed Seznam hr\u00e1\u010d\u016f a vytvo\u0159en\u00ed nov\u00e9ho Seznamy hr\u00e1\u010d\u016f tv\u00e9ho obsahu. Bavte se!","og_url":"https:\/\/sokol.strazov.cz\/index.php\/roster\/","og_site_name":"TJ Sokol Str\u00e1\u017eov","twitter_card":"summary_large_image","schema":{"@context":"https:\/\/schema.org","@graph":[{"@type":"WebPage","@id":"https:\/\/sokol.strazov.cz\/index.php\/roster\/","url":"https:\/\/sokol.strazov.cz\/index.php\/roster\/","name":"Roster - TJ Sokol Str\u00e1\u017eov","isPartOf":{"@id":"https:\/\/sokol.strazov.cz\/#website"},"datePublished":"2021-01-01T17:30:27+00:00","breadcrumb":{"@id":"https:\/\/sokol.strazov.cz\/index.php\/roster\/#breadcrumb"},"inLanguage":"cs","potentialAction":[{"@type":"ReadAction","target":["https:\/\/sokol.strazov.cz\/index.php\/roster\/"]}]},{"@type":"BreadcrumbList","@id":"https:\/\/sokol.strazov.cz\/index.php\/roster\/#breadcrumb","itemListElement":[{"@type":"ListItem","position":1,"name":"Home","item":"https:\/\/sokol.strazov.cz\/"},{"@type":"ListItem","position":2,"name":"Roster"}]},{"@type":"WebSite","@id":"https:\/\/sokol.strazov.cz\/#website","url":"https:\/\/sokol.strazov.cz\/","name":"TJ Sokol Str\u00e1\u017eov","description":"","publisher":{"@id":"https:\/\/sokol.strazov.cz\/#organization"},"potentialAction":[{"@type":"SearchAction","target":{"@type":"EntryPoint","urlTemplate":"https:\/\/sokol.strazov.cz\/?s={search_term_string}"},"query-input":{"@type":"PropertyValueSpecification","valueRequired":true,"valueName":"search_term_string"}}],"inLanguage":"cs"},{"@type":"Organization","@id":"https:\/\/sokol.strazov.cz\/#organization","name":"TJ Sokol Str\u00e1\u017eov","url":"https:\/\/sokol.strazov.cz\/","logo":{"@type":"ImageObject","inLanguage":"cs","@id":"https:\/\/sokol.strazov.cz\/#\/schema\/logo\/image\/","url":"https:\/\/sokol.strazov.cz\/wp-content\/uploads\/2021\/01\/cropped-sokol.jpg","contentUrl":"https:\/\/sokol.strazov.cz\/wp-content\/uploads\/2021\/01\/cropped-sokol.jpg","width":512,"height":512,"caption":" TJ Sokol Str\u00e1\u017eov"},"image":{"@id":"https:\/\/sokol.strazov.cz\/#\/schema\/logo\/image\/"}}]}},"jetpack_sharing_enabled":true,"_links":{"self":[{"href":"https:\/\/sokol.strazov.cz\/index.php\/wp-json\/wp\/v2\/pages\/38","targetHints":{"allow":["GET"]}}],"collection":[{"href":"https:\/\/sokol.strazov.cz\/index.php\/wp-json\/wp\/v2\/pages"}],"about":[{"href":"https:\/\/sokol.strazov.cz\/index.php\/wp-json\/wp\/v2\/types\/page"}],"author":[{"embeddable":true,"href":"https:\/\/sokol.strazov.cz\/index.php\/wp-json\/wp\/v2\/users\/1"}],"replies":[{"embeddable":true,"href":"https:\/\/sokol.strazov.cz\/index.php\/wp-json\/wp\/v2\/comments?post=38"}],"version-history":[{"count":1,"href":"https:\/\/sokol.strazov.cz\/index.php\/wp-json\/wp\/v2\/pages\/38\/revisions"}],"predecessor-version":[{"id":47,"href":"https:\/\/sokol.strazov.cz\/index.php\/wp-json\/wp\/v2\/pages\/38\/revisions\/47"}],"wp:attachment":[{"href":"https:\/\/sokol.strazov.cz\/index.php\/wp-json\/wp\/v2\/media?parent=38"}],"curies":[{"name":"wp","href":"https:\/\/api.w.org\/{rel}","templated":true}]}}