{"id":36,"date":"2021-01-01T18:30:27","date_gmt":"2021-01-01T17:30:27","guid":{"rendered":"https:\/\/sokol.strazov.cz\/?page_id=36"},"modified":"2021-01-01T22:21:57","modified_gmt":"2021-01-01T21:21:57","slug":"fixtures-results","status":"publish","type":"page","link":"https:\/\/sokol.strazov.cz\/index.php\/fixtures-results\/","title":{"rendered":"P\u0159\u00edpravky a v\u00fdsledky"},"content":{"rendered":"<p>Toto je uk\u00e1zka Kalend\u00e1\u0159. Jako nov\u00fd SportsPress u\u017eivatel, m\u016f\u017ee\u0161 j\u00edt na tvoji n\u00e1st\u011bnku ke smaz\u00e1n\u00ed Kalend\u00e1\u0159 a vytvo\u0159en\u00ed nov\u00e9ho Kalend\u00e1\u0159e tv\u00e9ho obsahu. Bavte se!<div class=\"sportspress sp-widget-align-left\"><h4 class=\"sp-table-caption\">Fixtures<\/h4><div class=\"sp-template sp-template-event-blocks\">\n\t<div class=\"sp-table-wrapper\">\n\t\t<table class=\"sp-event-blocks sp-data-table\n\t\t\t\t\t sp-paginated-table\" data-sp-rows=\"5\">\n\t\t\t<thead><tr><th><\/th><\/tr><\/thead> \t\t\t<tbody>\n\t\t\t\t\t\t\t<\/tbody>\n\t\t<\/table>\n\t<\/div>\n\t<\/div>\n<\/div><div class=\"sportspress sp-widget-align-right\"><h4 class=\"sp-table-caption\">Results<\/h4><div class=\"sp-template sp-template-event-blocks\">\n\t<div class=\"sp-table-wrapper\">\n\t\t<table class=\"sp-event-blocks sp-data-table\n\t\t\t\t\t sp-paginated-table\" data-sp-rows=\"5\">\n\t\t\t<thead><tr><th><\/th><\/tr><\/thead> \t\t\t<tbody>\n\t\t\t\t\t\t\t\t\t<tr class=\"sp-row sp-post alternate\" itemscope itemtype=\"http:\/\/schema.org\/SportsEvent\">\n\t\t\t\t\t\t<td>\n\t\t\t\t\t\t\t\t\t\t\t\t\t\t\t\t\t\t\t\t\t<time class=\"sp-event-date\" datetime=\"2021-02-13 20:00:48\" itemprop=\"startDate\" content=\"2021-02-13T20:00:48+01:00\">\n\t\t\t\t\t\t\t\t<a href=\"https:\/\/sokol.strazov.cz\/index.php\/event\/ples-viten\/\">13 \u00fanora, 2021<\/a>\t\t\t\t\t\t\t<\/time>\n\t\t\t\t\t\t\t\t\t\t\t\t\t\t<h5 class=\"sp-event-results\">\n\t\t\t\t\t\t\t\t<a href=\"https:\/\/sokol.strazov.cz\/index.php\/event\/ples-viten\/\"><span class=\"sp-result ok\">8:00 pm<\/span><\/a>\t\t\t\t\t\t\t<\/h5>\n\t\t\t\t\t\t\t\t\t\t\t\t\t\t\t\t\t\t\t\t\t\t\t\t\t\t\t\t\t\t\t\t\t\t\t\t<div style=\"display:none;\" class=\"sp-event-venue\" itemprop=\"location\" itemscope itemtype=\"http:\/\/schema.org\/Place\"><div itemprop=\"address\" itemscope itemtype=\"http:\/\/schema.org\/PostalAddress\">N\/A<\/div><\/div>\n\t\t\t\t\t\t\t\t\t\t\t\t\t\t<h4 class=\"sp-event-title\" itemprop=\"name\">\n\t\t\t\t\t\t\t\t<a href=\"https:\/\/sokol.strazov.cz\/index.php\/event\/ples-viten\/\">Ples V\u00edte\u0148<\/a>\t\t\t\t\t\t\t<\/h4>\n\t\t\t\t\t\t\t\n\t\t\t\t\t\t<\/td>\n\t\t\t\t\t<\/tr>\n\t\t\t\t\t\t\t\t\t\t<tr class=\"sp-row sp-post\" itemscope itemtype=\"http:\/\/schema.org\/SportsEvent\">\n\t\t\t\t\t\t<td>\n\t\t\t\t\t\t\t\t\t\t\t\t\t\t\t\t\t\t\t\t\t<time class=\"sp-event-date\" datetime=\"2021-02-06 15:00:35\" itemprop=\"startDate\" content=\"2021-02-06T15:00:35+01:00\">\n\t\t\t\t\t\t\t\t<a href=\"https:\/\/sokol.strazov.cz\/index.php\/event\/masopust\/\">6 \u00fanora, 2021<\/a>\t\t\t\t\t\t\t<\/time>\n\t\t\t\t\t\t\t\t\t\t\t\t\t\t<h5 class=\"sp-event-results\">\n\t\t\t\t\t\t\t\t<a href=\"https:\/\/sokol.strazov.cz\/index.php\/event\/masopust\/\"><span class=\"sp-result ok\">3:00 pm<\/span><\/a>\t\t\t\t\t\t\t<\/h5>\n\t\t\t\t\t\t\t\t\t\t\t\t\t\t\t\t\t\t\t\t\t\t\t\t\t\t\t\t\t\t\t\t\t\t\t\t<div style=\"display:none;\" class=\"sp-event-venue\" itemprop=\"location\" itemscope itemtype=\"http:\/\/schema.org\/Place\"><div itemprop=\"address\" itemscope itemtype=\"http:\/\/schema.org\/PostalAddress\">N\/A<\/div><\/div>\n\t\t\t\t\t\t\t\t\t\t\t\t\t\t<h4 class=\"sp-event-title\" itemprop=\"name\">\n\t\t\t\t\t\t\t\t<a href=\"https:\/\/sokol.strazov.cz\/index.php\/event\/masopust\/\">Masopust<\/a>\t\t\t\t\t\t\t<\/h4>\n\t\t\t\t\t\t\t\n\t\t\t\t\t\t<\/td>\n\t\t\t\t\t<\/tr>\n\t\t\t\t\t\t\t\t\t\t<tr class=\"sp-row sp-post alternate\" itemscope itemtype=\"http:\/\/schema.org\/SportsEvent\">\n\t\t\t\t\t\t<td>\n\t\t\t\t\t\t\t\t\t\t\t\t\t\t\t\t\t\t\t\t\t<time class=\"sp-event-date\" datetime=\"2021-01-22 20:00:53\" itemprop=\"startDate\" content=\"2021-01-22T20:00:53+01:00\">\n\t\t\t\t\t\t\t\t<a href=\"https:\/\/sokol.strazov.cz\/index.php\/event\/ples-ms-strazov\/\">22 ledna, 2021<\/a>\t\t\t\t\t\t\t<\/time>\n\t\t\t\t\t\t\t\t\t\t\t\t\t\t<h5 class=\"sp-event-results\">\n\t\t\t\t\t\t\t\t<a href=\"https:\/\/sokol.strazov.cz\/index.php\/event\/ples-ms-strazov\/\"><span class=\"sp-result ok\">8:00 pm<\/span><\/a>\t\t\t\t\t\t\t<\/h5>\n\t\t\t\t\t\t\t\t\t\t\t\t\t\t\t\t\t\t\t\t\t\t\t\t\t\t\t\t\t\t\t\t\t\t\t\t<div style=\"display:none;\" class=\"sp-event-venue\" itemprop=\"location\" itemscope itemtype=\"http:\/\/schema.org\/Place\"><div itemprop=\"address\" itemscope itemtype=\"http:\/\/schema.org\/PostalAddress\">N\/A<\/div><\/div>\n\t\t\t\t\t\t\t\t\t\t\t\t\t\t<h4 class=\"sp-event-title\" itemprop=\"name\">\n\t\t\t\t\t\t\t\t<a href=\"https:\/\/sokol.strazov.cz\/index.php\/event\/ples-ms-strazov\/\">Ples MS Str\u00e1\u017eov<\/a>\t\t\t\t\t\t\t<\/h4>\n\t\t\t\t\t\t\t\n\t\t\t\t\t\t<\/td>\n\t\t\t\t\t<\/tr>\n\t\t\t\t\t\t\t\t<\/tbody>\n\t\t<\/table>\n\t<\/div>\n\t<\/div>\n<\/div><div class=\"sportspress\"><div class=\"sp-template sp-template-event-calendar\">\n\t\n<div class=\"sp-calendar-wrapper\">\n<table id=\"wp-calendar\" class=\"sp-calendar sp-event-calendar sp-data-table\">\n<caption class=\"sp-table-caption\">Kv\u011bten 2026<\/caption>\n<thead>\n<tr>\n\t\t<th scope=\"col\" title=\"Pond\u011bl\u00ed\">Po<\/th>\n\t\t<th scope=\"col\" title=\"\u00dater\u00fd\">\u00dat<\/th>\n\t\t<th scope=\"col\" title=\"St\u0159eda\">St<\/th>\n\t\t<th scope=\"col\" title=\"\u010ctvrtek\">\u010ct<\/th>\n\t\t<th scope=\"col\" title=\"P\u00e1tek\">P\u00e1<\/th>\n\t\t<th scope=\"col\" title=\"Sobota\">So<\/th>\n\t\t<th scope=\"col\" title=\"Ned\u011ble\">Ne<\/th>\n<\/tr>\n<\/thead>\n\n<tfoot>\n<tr>\n\t\t<td colspan=\"3\" id=\"prev\" class=\"sp-previous-month\"><a data-tooltip data-options=\"disable_for_touch:true\" class=\"has-tooltip tip-right\" href=\"\/index.php\/wp-json\/wp\/v2\/pages\/36?sp_year=2021&amp;sp_month=2\" title=\"\u00danor 2021\">&laquo; \u00dano<\/a><\/td>\n\t\t<td class=\"pad\">&nbsp;<\/td>\n\t\t<td colspan=\"3\" id=\"next\" class=\"pad\">&nbsp;<\/td>\n<\/tr>\n<\/tfoot>\n\n<tbody>\n<tr>\n\t\t<td colspan=\"4\" class=\"pad\">&nbsp;<\/td><td>1<\/td><td>2<\/td><td>3<\/td>\n\t<\/tr>\n\t<tr>\n\t\t<td>4<\/td><td>5<\/td><td id=\"today\" class=\"sp-highlight\">6<\/td><td>7<\/td><td>8<\/td><td>9<\/td><td>10<\/td>\n\t<\/tr>\n\t<tr>\n\t\t<td>11<\/td><td>12<\/td><td>13<\/td><td>14<\/td><td>15<\/td><td>16<\/td><td>17<\/td>\n\t<\/tr>\n\t<tr>\n\t\t<td>18<\/td><td>19<\/td><td>20<\/td><td>21<\/td><td>22<\/td><td>23<\/td><td>24<\/td>\n\t<\/tr>\n\t<tr>\n\t\t<td>25<\/td><td>26<\/td><td>27<\/td><td>28<\/td><td>29<\/td><td>30<\/td><td>31<\/td>\n\t<\/tr>\n\t<\/tbody>\n\t<\/table>\n\t<\/div><\/div>\n<\/div><div class=\"sportspress\"><div class=\"sp-template sp-template-event-list\">\n\t\t\t<h4 class=\"sp-table-caption\">Event List<\/h4>\n\t\t<div class=\"sp-table-wrapper\">\n\t\t<table class=\"sp-event-list sp-event-list-format-title sp-data-table\n\t\t\t\t\t\t\t\t\t\t\t\t\t\t\t\t\t\t\t\t sp-paginated-table\n\t\t\t\t\t\t\t\t\t\t\t\t\t\t\t\t\t\t \t\t\t sp-sortable-table\n\t\t\t\t\t\t\t\t\t\t\t\t\t\t\t\t\t\t \t\t\t\t\t\t\t\t\t\t\t\t\t sp-scrollable-table \" data-sp-rows=\"10\">\n\t\t\t<thead>\n\t\t\t\t<tr>\n\t\t\t\t\t<th class=\"data-date\">Datum<\/th><th class=\"data-event\">Ud\u00e1lost<\/th><th class=\"data-time\">\u010cas<\/th><th style=\"display:none;\" class=\"data-venue\">M\u00edsto z\u00e1pasu<\/th>\t\t\t\t<\/tr>\n\t\t\t<\/thead>\n\t\t\t<tbody>\n\t\t\t\t<tr class=\"sp-row sp-post alternate sp-row-no-0\" itemscope itemtype=\"http:\/\/schema.org\/SportsEvent\"><td class=\"data-date\" itemprop=\"startDate\" content=\"2021-01-22T20:00:53+01:00\" data-label=\"Datum\"><a href=\"https:\/\/sokol.strazov.cz\/index.php\/event\/ples-ms-strazov\/\" itemprop=\"url\"><date>2021-01-22 20:00:53<\/date>22 ledna, 2021<\/a><\/td><td class=\"data-event\" data-label=\"Ud\u00e1lost\"><a href=\"https:\/\/sokol.strazov.cz\/index.php\/event\/ples-ms-strazov\/\"> Ples MS Str\u00e1\u017eov<\/a><\/td><td class=\"data-time ok\" data-label=\"\u010cas\"><a href=\"https:\/\/sokol.strazov.cz\/index.php\/event\/ples-ms-strazov\/\" itemprop=\"url\"><date>&nbsp;20:00:53<\/date>8:00 pm<\/a><\/td><td style=\"display:none;\" class=\"data-venue\" data-label=\"M\u00edsto z\u00e1pasu\" itemprop=\"location\" itemscope itemtype=\"http:\/\/schema.org\/Place\"><div itemprop=\"address\" itemscope itemtype=\"http:\/\/schema.org\/PostalAddress\">N\/A<\/div><\/td><\/tr><tr class=\"sp-row sp-post sp-row-no-1\" itemscope itemtype=\"http:\/\/schema.org\/SportsEvent\"><td class=\"data-date\" itemprop=\"startDate\" content=\"2021-02-06T15:00:35+01:00\" data-label=\"Datum\"><a href=\"https:\/\/sokol.strazov.cz\/index.php\/event\/masopust\/\" itemprop=\"url\"><date>2021-02-06 15:00:35<\/date>6 \u00fanora, 2021<\/a><\/td><td class=\"data-event\" data-label=\"Ud\u00e1lost\"><a href=\"https:\/\/sokol.strazov.cz\/index.php\/event\/masopust\/\"> Masopust<\/a><\/td><td class=\"data-time ok\" data-label=\"\u010cas\"><a href=\"https:\/\/sokol.strazov.cz\/index.php\/event\/masopust\/\" itemprop=\"url\"><date>&nbsp;15:00:35<\/date>3:00 pm<\/a><\/td><td style=\"display:none;\" class=\"data-venue\" data-label=\"M\u00edsto z\u00e1pasu\" itemprop=\"location\" itemscope itemtype=\"http:\/\/schema.org\/Place\"><div itemprop=\"address\" itemscope itemtype=\"http:\/\/schema.org\/PostalAddress\">N\/A<\/div><\/td><\/tr><tr class=\"sp-row sp-post alternate sp-row-no-2\" itemscope itemtype=\"http:\/\/schema.org\/SportsEvent\"><td class=\"data-date\" itemprop=\"startDate\" content=\"2021-02-13T20:00:48+01:00\" data-label=\"Datum\"><a href=\"https:\/\/sokol.strazov.cz\/index.php\/event\/ples-viten\/\" itemprop=\"url\"><date>2021-02-13 20:00:48<\/date>13 \u00fanora, 2021<\/a><\/td><td class=\"data-event\" data-label=\"Ud\u00e1lost\"><a href=\"https:\/\/sokol.strazov.cz\/index.php\/event\/ples-viten\/\"> Ples V\u00edte\u0148<\/a><\/td><td class=\"data-time ok\" data-label=\"\u010cas\"><a href=\"https:\/\/sokol.strazov.cz\/index.php\/event\/ples-viten\/\" itemprop=\"url\"><date>&nbsp;20:00:48<\/date>8:00 pm<\/a><\/td><td style=\"display:none;\" class=\"data-venue\" data-label=\"M\u00edsto z\u00e1pasu\" itemprop=\"location\" itemscope itemtype=\"http:\/\/schema.org\/Place\"><div itemprop=\"address\" itemscope itemtype=\"http:\/\/schema.org\/PostalAddress\">N\/A<\/div><\/td><\/tr>\t\t\t<\/tbody>\n\t\t<\/table>\n\t<\/div>\n\t<div class=\"sp-calendar-link sp-view-all-link\"><a href=\"\">Zobrazit v\u0161echny ud\u00e1losti<\/a><\/div><\/div>\n<\/div><\/p>\n","protected":false},"excerpt":{"rendered":"<p>Toto je uk\u00e1zka Kalend\u00e1\u0159. Jako nov\u00fd SportsPress u\u017eivatel, m\u016f\u017ee\u0161 j\u00edt na tvoji n\u00e1st\u011bnku ke smaz\u00e1n\u00ed Kalend\u00e1\u0159 a vytvo\u0159en\u00ed nov\u00e9ho Kalend\u00e1\u0159e tv\u00e9ho obsahu. Bavte se!<\/p>\n","protected":false},"author":1,"featured_media":0,"parent":0,"menu_order":0,"comment_status":"closed","ping_status":"closed","template":"","meta":{"_kad_post_transparent":"","_kad_post_title":"","_kad_post_layout":"","_kad_post_sidebar_id":"","_kad_post_content_style":"","_kad_post_vertical_padding":"","_kad_post_feature":"","_kad_post_feature_position":"","_kad_post_header":false,"_kad_post_footer":false,"_kad_post_classname":"","footnotes":""},"class_list":["post-36","page","type-page","status-publish","hentry"],"yoast_head":"<!-- This site is optimized with the Yoast SEO plugin v27.5 - https:\/\/yoast.com\/product\/yoast-seo-wordpress\/ -->\n<title>P\u0159\u00edpravky a v\u00fdsledky - TJ Sokol Str\u00e1\u017eov<\/title>\n<meta name=\"robots\" content=\"index, follow, max-snippet:-1, max-image-preview:large, max-video-preview:-1\" \/>\n<link rel=\"canonical\" href=\"https:\/\/sokol.strazov.cz\/index.php\/fixtures-results\/\" \/>\n<meta property=\"og:locale\" content=\"cs_CZ\" \/>\n<meta property=\"og:type\" content=\"article\" \/>\n<meta property=\"og:title\" content=\"P\u0159\u00edpravky a v\u00fdsledky - TJ Sokol Str\u00e1\u017eov\" \/>\n<meta property=\"og:description\" content=\"Toto je uk\u00e1zka Kalend\u00e1\u0159. Jako nov\u00fd SportsPress u\u017eivatel, m\u016f\u017ee\u0161 j\u00edt na tvoji n\u00e1st\u011bnku ke smaz\u00e1n\u00ed Kalend\u00e1\u0159 a vytvo\u0159en\u00ed nov\u00e9ho Kalend\u00e1\u0159e tv\u00e9ho obsahu. Bavte se!\" \/>\n<meta property=\"og:url\" content=\"https:\/\/sokol.strazov.cz\/index.php\/fixtures-results\/\" \/>\n<meta property=\"og:site_name\" content=\"TJ Sokol Str\u00e1\u017eov\" \/>\n<meta property=\"article:modified_time\" content=\"2021-01-01T21:21:57+00:00\" \/>\n<meta name=\"twitter:card\" content=\"summary_large_image\" \/>\n<script type=\"application\/ld+json\" class=\"yoast-schema-graph\">{\"@context\":\"https:\\\/\\\/schema.org\",\"@graph\":[{\"@type\":\"WebPage\",\"@id\":\"https:\\\/\\\/sokol.strazov.cz\\\/index.php\\\/fixtures-results\\\/\",\"url\":\"https:\\\/\\\/sokol.strazov.cz\\\/index.php\\\/fixtures-results\\\/\",\"name\":\"P\u0159\u00edpravky a v\u00fdsledky - TJ Sokol Str\u00e1\u017eov\",\"isPartOf\":{\"@id\":\"https:\\\/\\\/sokol.strazov.cz\\\/#website\"},\"datePublished\":\"2021-01-01T17:30:27+00:00\",\"dateModified\":\"2021-01-01T21:21:57+00:00\",\"breadcrumb\":{\"@id\":\"https:\\\/\\\/sokol.strazov.cz\\\/index.php\\\/fixtures-results\\\/#breadcrumb\"},\"inLanguage\":\"cs\",\"potentialAction\":[{\"@type\":\"ReadAction\",\"target\":[\"https:\\\/\\\/sokol.strazov.cz\\\/index.php\\\/fixtures-results\\\/\"]}]},{\"@type\":\"BreadcrumbList\",\"@id\":\"https:\\\/\\\/sokol.strazov.cz\\\/index.php\\\/fixtures-results\\\/#breadcrumb\",\"itemListElement\":[{\"@type\":\"ListItem\",\"position\":1,\"name\":\"Home\",\"item\":\"https:\\\/\\\/sokol.strazov.cz\\\/\"},{\"@type\":\"ListItem\",\"position\":2,\"name\":\"P\u0159\u00edpravky a v\u00fdsledky\"}]},{\"@type\":\"WebSite\",\"@id\":\"https:\\\/\\\/sokol.strazov.cz\\\/#website\",\"url\":\"https:\\\/\\\/sokol.strazov.cz\\\/\",\"name\":\"TJ Sokol Str\u00e1\u017eov\",\"description\":\"\",\"publisher\":{\"@id\":\"https:\\\/\\\/sokol.strazov.cz\\\/#organization\"},\"potentialAction\":[{\"@type\":\"SearchAction\",\"target\":{\"@type\":\"EntryPoint\",\"urlTemplate\":\"https:\\\/\\\/sokol.strazov.cz\\\/?s={search_term_string}\"},\"query-input\":{\"@type\":\"PropertyValueSpecification\",\"valueRequired\":true,\"valueName\":\"search_term_string\"}}],\"inLanguage\":\"cs\"},{\"@type\":\"Organization\",\"@id\":\"https:\\\/\\\/sokol.strazov.cz\\\/#organization\",\"name\":\"TJ Sokol Str\u00e1\u017eov\",\"url\":\"https:\\\/\\\/sokol.strazov.cz\\\/\",\"logo\":{\"@type\":\"ImageObject\",\"inLanguage\":\"cs\",\"@id\":\"https:\\\/\\\/sokol.strazov.cz\\\/#\\\/schema\\\/logo\\\/image\\\/\",\"url\":\"https:\\\/\\\/sokol.strazov.cz\\\/wp-content\\\/uploads\\\/2021\\\/01\\\/cropped-sokol.jpg\",\"contentUrl\":\"https:\\\/\\\/sokol.strazov.cz\\\/wp-content\\\/uploads\\\/2021\\\/01\\\/cropped-sokol.jpg\",\"width\":512,\"height\":512,\"caption\":\" TJ Sokol Str\u00e1\u017eov\"},\"image\":{\"@id\":\"https:\\\/\\\/sokol.strazov.cz\\\/#\\\/schema\\\/logo\\\/image\\\/\"}}]}<\/script>\n<!-- \/ Yoast SEO plugin. -->","yoast_head_json":{"title":"P\u0159\u00edpravky a v\u00fdsledky - TJ Sokol Str\u00e1\u017eov","robots":{"index":"index","follow":"follow","max-snippet":"max-snippet:-1","max-image-preview":"max-image-preview:large","max-video-preview":"max-video-preview:-1"},"canonical":"https:\/\/sokol.strazov.cz\/index.php\/fixtures-results\/","og_locale":"cs_CZ","og_type":"article","og_title":"P\u0159\u00edpravky a v\u00fdsledky - TJ Sokol Str\u00e1\u017eov","og_description":"Toto je uk\u00e1zka Kalend\u00e1\u0159. Jako nov\u00fd SportsPress u\u017eivatel, m\u016f\u017ee\u0161 j\u00edt na tvoji n\u00e1st\u011bnku ke smaz\u00e1n\u00ed Kalend\u00e1\u0159 a vytvo\u0159en\u00ed nov\u00e9ho Kalend\u00e1\u0159e tv\u00e9ho obsahu. Bavte se!","og_url":"https:\/\/sokol.strazov.cz\/index.php\/fixtures-results\/","og_site_name":"TJ Sokol Str\u00e1\u017eov","article_modified_time":"2021-01-01T21:21:57+00:00","twitter_card":"summary_large_image","schema":{"@context":"https:\/\/schema.org","@graph":[{"@type":"WebPage","@id":"https:\/\/sokol.strazov.cz\/index.php\/fixtures-results\/","url":"https:\/\/sokol.strazov.cz\/index.php\/fixtures-results\/","name":"P\u0159\u00edpravky a v\u00fdsledky - TJ Sokol Str\u00e1\u017eov","isPartOf":{"@id":"https:\/\/sokol.strazov.cz\/#website"},"datePublished":"2021-01-01T17:30:27+00:00","dateModified":"2021-01-01T21:21:57+00:00","breadcrumb":{"@id":"https:\/\/sokol.strazov.cz\/index.php\/fixtures-results\/#breadcrumb"},"inLanguage":"cs","potentialAction":[{"@type":"ReadAction","target":["https:\/\/sokol.strazov.cz\/index.php\/fixtures-results\/"]}]},{"@type":"BreadcrumbList","@id":"https:\/\/sokol.strazov.cz\/index.php\/fixtures-results\/#breadcrumb","itemListElement":[{"@type":"ListItem","position":1,"name":"Home","item":"https:\/\/sokol.strazov.cz\/"},{"@type":"ListItem","position":2,"name":"P\u0159\u00edpravky a v\u00fdsledky"}]},{"@type":"WebSite","@id":"https:\/\/sokol.strazov.cz\/#website","url":"https:\/\/sokol.strazov.cz\/","name":"TJ Sokol Str\u00e1\u017eov","description":"","publisher":{"@id":"https:\/\/sokol.strazov.cz\/#organization"},"potentialAction":[{"@type":"SearchAction","target":{"@type":"EntryPoint","urlTemplate":"https:\/\/sokol.strazov.cz\/?s={search_term_string}"},"query-input":{"@type":"PropertyValueSpecification","valueRequired":true,"valueName":"search_term_string"}}],"inLanguage":"cs"},{"@type":"Organization","@id":"https:\/\/sokol.strazov.cz\/#organization","name":"TJ Sokol Str\u00e1\u017eov","url":"https:\/\/sokol.strazov.cz\/","logo":{"@type":"ImageObject","inLanguage":"cs","@id":"https:\/\/sokol.strazov.cz\/#\/schema\/logo\/image\/","url":"https:\/\/sokol.strazov.cz\/wp-content\/uploads\/2021\/01\/cropped-sokol.jpg","contentUrl":"https:\/\/sokol.strazov.cz\/wp-content\/uploads\/2021\/01\/cropped-sokol.jpg","width":512,"height":512,"caption":" TJ Sokol Str\u00e1\u017eov"},"image":{"@id":"https:\/\/sokol.strazov.cz\/#\/schema\/logo\/image\/"}}]}},"jetpack_sharing_enabled":true,"_links":{"self":[{"href":"https:\/\/sokol.strazov.cz\/index.php\/wp-json\/wp\/v2\/pages\/36","targetHints":{"allow":["GET"]}}],"collection":[{"href":"https:\/\/sokol.strazov.cz\/index.php\/wp-json\/wp\/v2\/pages"}],"about":[{"href":"https:\/\/sokol.strazov.cz\/index.php\/wp-json\/wp\/v2\/types\/page"}],"author":[{"embeddable":true,"href":"https:\/\/sokol.strazov.cz\/index.php\/wp-json\/wp\/v2\/users\/1"}],"replies":[{"embeddable":true,"href":"https:\/\/sokol.strazov.cz\/index.php\/wp-json\/wp\/v2\/comments?post=36"}],"version-history":[{"count":2,"href":"https:\/\/sokol.strazov.cz\/index.php\/wp-json\/wp\/v2\/pages\/36\/revisions"}],"predecessor-version":[{"id":195,"href":"https:\/\/sokol.strazov.cz\/index.php\/wp-json\/wp\/v2\/pages\/36\/revisions\/195"}],"wp:attachment":[{"href":"https:\/\/sokol.strazov.cz\/index.php\/wp-json\/wp\/v2\/media?parent=36"}],"curies":[{"name":"wp","href":"https:\/\/api.w.org\/{rel}","templated":true}]}}