{"id":2,"date":"2021-01-01T17:15:34","date_gmt":"2021-01-01T17:15:34","guid":{"rendered":"https:\/\/sokol.strazov.cz\/?page_id=2"},"modified":"2024-06-14T16:30:25","modified_gmt":"2024-06-14T14:30:25","slug":"sample-page","status":"publish","type":"page","link":"https:\/\/sokol.strazov.cz\/","title":{"rendered":"V\u00edtejte na str\u00e1nk\u00e1ch TJ Sokol"},"content":{"rendered":"<p style=\"text-align: justify;\"><img loading=\"lazy\" decoding=\"async\" class=\" wp-image-92 alignleft\" src=\"https:\/\/sokol.strazov.cz\/wp-content\/uploads\/2021\/01\/sokolovna-300x225.jpg\" alt=\"\" width=\"348\" height=\"261\" srcset=\"https:\/\/sokol.strazov.cz\/wp-content\/uploads\/2021\/01\/sokolovna-300x225.jpg 300w, https:\/\/sokol.strazov.cz\/wp-content\/uploads\/2021\/01\/sokolovna-768x576.jpg 768w, https:\/\/sokol.strazov.cz\/wp-content\/uploads\/2021\/01\/sokolovna-128x96.jpg 128w, https:\/\/sokol.strazov.cz\/wp-content\/uploads\/2021\/01\/sokolovna-32x24.jpg 32w, https:\/\/sokol.strazov.cz\/wp-content\/uploads\/2021\/01\/sokolovna.jpg 980w\" sizes=\"auto, (max-width: 348px) 100vw, 348px\" \/>Sokol (\u010cesk\u00e1 obec sokolsk\u00e1) je ozna\u010den\u00edm \u010desk\u00e9ho t\u011blocvi\u010dn\u00e9ho spolku, kter\u00fd v historii \u010desk\u00e9 a slovensk\u00e9 t\u011blov\u00fdchovy zaujal pozici nejen nejv\u011bt\u0161\u00ed, ale tak\u00e9 nej\u00fasp\u011b\u0161n\u011bj\u0161\u00ed t\u011blov\u00fdchovn\u00e9 organizace. Za zakladatele Sokola jsou pova\u017eov\u00e1ni Miroslav Tyr\u0161 a Jind\u0159ich F\u00fcgner. Ve sv\u00fdch po\u010d\u00e1tc\u00edch se Sokol inspiroval n\u011bmeck\u00fdmi turnersk\u00fdmi spolky, kter\u00e9 vych\u00e1zely z t\u011blov\u00fdchovy Fridricha Ludwiga Jahna. V letech 1867\u20131868 Tyr\u0161 vytvo\u0159il \u010desk\u00e9 t\u011blocvi\u010dn\u00e9 n\u00e1zvoslov\u00ed a v letech 1868\u20131871 na podklad\u011b antick\u00e9 kalokagathie \u010deskou t\u011blocvi\u010dnou soustavu, kterou vydal v roce 1873 v d\u00edle \u201eZ\u00e1kladov\u00e9 t\u011blocviku\u201c. Oba zakladatel\u00e9 spolku od po\u010d\u00e1tku propagovali jeho naprostou apoliti\u010dnost a kladli si za c\u00edl fyzick\u00fd a mor\u00e1ln\u00ed r\u016fst \u010desk\u00e9ho n\u00e1roda. Naopak Julius Gr\u00e9gr a dal\u0161\u00ed mlado\u010de\u0161i se Sokol sna\u017eili z\u00edskat do slu\u017eeb \u010desk\u00e9 nacion\u00e1ln\u00ed emancipace.<\/p>\n","protected":false},"excerpt":{"rendered":"<p>Sokol (\u010cesk\u00e1 obec sokolsk\u00e1) je ozna\u010den\u00edm \u010desk\u00e9ho t\u011blocvi\u010dn\u00e9ho spolku, kter\u00fd v historii \u010desk\u00e9 a slovensk\u00e9 t\u011blov\u00fdchovy zaujal pozici nejen nejv\u011bt\u0161\u00ed, ale tak\u00e9 nej\u00fasp\u011b\u0161n\u011bj\u0161\u00ed t\u011blov\u00fdchovn\u00e9 organizace. Za zakladatele Sokola jsou pova\u017eov\u00e1ni Miroslav Tyr\u0161 a Jind\u0159ich F\u00fcgner. Ve sv\u00fdch po\u010d\u00e1tc\u00edch se Sokol inspiroval n\u011bmeck\u00fdmi turnersk\u00fdmi spolky, kter\u00e9 vych\u00e1zely z t\u011blov\u00fdchovy Fridricha Ludwiga Jahna. V letech 1867\u20131868 Tyr\u0161&#8230;<\/p>\n","protected":false},"author":1,"featured_media":0,"parent":0,"menu_order":0,"comment_status":"closed","ping_status":"closed","template":"","meta":{"_kad_post_transparent":"default","_kad_post_title":"default","_kad_post_layout":"default","_kad_post_sidebar_id":"","_kad_post_content_style":"default","_kad_post_vertical_padding":"default","_kad_post_feature":"","_kad_post_feature_position":"","_kad_post_header":false,"_kad_post_footer":false,"_kad_post_classname":"","footnotes":""},"class_list":["post-2","page","type-page","status-publish","hentry"],"yoast_head":"<!-- This site is optimized with the Yoast SEO plugin v27.5 - https:\/\/yoast.com\/product\/yoast-seo-wordpress\/ -->\n<title>V\u00edtejte na str\u00e1nk\u00e1ch TJ Sokol - TJ Sokol Str\u00e1\u017eov<\/title>\n<meta name=\"robots\" content=\"index, follow, max-snippet:-1, max-image-preview:large, max-video-preview:-1\" \/>\n<link rel=\"canonical\" href=\"https:\/\/sokol.strazov.cz\/\" \/>\n<meta property=\"og:locale\" content=\"cs_CZ\" \/>\n<meta property=\"og:type\" content=\"article\" \/>\n<meta property=\"og:title\" content=\"V\u00edtejte na str\u00e1nk\u00e1ch TJ Sokol - TJ Sokol Str\u00e1\u017eov\" \/>\n<meta property=\"og:description\" content=\"Sokol (\u010cesk\u00e1 obec sokolsk\u00e1) je ozna\u010den\u00edm \u010desk\u00e9ho t\u011blocvi\u010dn\u00e9ho spolku, kter\u00fd v historii \u010desk\u00e9 a slovensk\u00e9 t\u011blov\u00fdchovy zaujal pozici nejen nejv\u011bt\u0161\u00ed, ale tak\u00e9 nej\u00fasp\u011b\u0161n\u011bj\u0161\u00ed t\u011blov\u00fdchovn\u00e9 organizace. Za zakladatele Sokola jsou pova\u017eov\u00e1ni Miroslav Tyr\u0161 a Jind\u0159ich F\u00fcgner. Ve sv\u00fdch po\u010d\u00e1tc\u00edch se Sokol inspiroval n\u011bmeck\u00fdmi turnersk\u00fdmi spolky, kter\u00e9 vych\u00e1zely z t\u011blov\u00fdchovy Fridricha Ludwiga Jahna. V letech 1867\u20131868 Tyr\u0161...\" \/>\n<meta property=\"og:url\" content=\"https:\/\/sokol.strazov.cz\/\" \/>\n<meta property=\"og:site_name\" content=\"TJ Sokol Str\u00e1\u017eov\" \/>\n<meta property=\"article:modified_time\" content=\"2024-06-14T14:30:25+00:00\" \/>\n<meta property=\"og:image\" content=\"https:\/\/sokol.strazov.cz\/wp-content\/uploads\/2021\/01\/sokolovna-300x225.jpg\" \/>\n<meta name=\"twitter:card\" content=\"summary_large_image\" \/>\n<meta name=\"twitter:label1\" content=\"Odhadovan\u00e1 doba \u010dten\u00ed\" \/>\n\t<meta name=\"twitter:data1\" content=\"1 minuta\" \/>\n<script type=\"application\/ld+json\" class=\"yoast-schema-graph\">{\"@context\":\"https:\\\/\\\/schema.org\",\"@graph\":[{\"@type\":\"WebPage\",\"@id\":\"https:\\\/\\\/sokol.strazov.cz\\\/\",\"url\":\"https:\\\/\\\/sokol.strazov.cz\\\/\",\"name\":\"V\u00edtejte na str\u00e1nk\u00e1ch TJ Sokol - TJ Sokol Str\u00e1\u017eov\",\"isPartOf\":{\"@id\":\"https:\\\/\\\/sokol.strazov.cz\\\/#website\"},\"primaryImageOfPage\":{\"@id\":\"https:\\\/\\\/sokol.strazov.cz\\\/#primaryimage\"},\"image\":{\"@id\":\"https:\\\/\\\/sokol.strazov.cz\\\/#primaryimage\"},\"thumbnailUrl\":\"https:\\\/\\\/sokol.strazov.cz\\\/wp-content\\\/uploads\\\/2021\\\/01\\\/sokolovna-300x225.jpg\",\"datePublished\":\"2021-01-01T17:15:34+00:00\",\"dateModified\":\"2024-06-14T14:30:25+00:00\",\"breadcrumb\":{\"@id\":\"https:\\\/\\\/sokol.strazov.cz\\\/#breadcrumb\"},\"inLanguage\":\"cs\",\"potentialAction\":[{\"@type\":\"ReadAction\",\"target\":[\"https:\\\/\\\/sokol.strazov.cz\\\/\"]}]},{\"@type\":\"ImageObject\",\"inLanguage\":\"cs\",\"@id\":\"https:\\\/\\\/sokol.strazov.cz\\\/#primaryimage\",\"url\":\"https:\\\/\\\/sokol.strazov.cz\\\/wp-content\\\/uploads\\\/2021\\\/01\\\/sokolovna.jpg\",\"contentUrl\":\"https:\\\/\\\/sokol.strazov.cz\\\/wp-content\\\/uploads\\\/2021\\\/01\\\/sokolovna.jpg\",\"width\":980,\"height\":735},{\"@type\":\"BreadcrumbList\",\"@id\":\"https:\\\/\\\/sokol.strazov.cz\\\/#breadcrumb\",\"itemListElement\":[{\"@type\":\"ListItem\",\"position\":1,\"name\":\"Home\",\"item\":\"https:\\\/\\\/sokol.strazov.cz\\\/\"},{\"@type\":\"ListItem\",\"position\":2,\"name\":\"V\u00edtejte na str\u00e1nk\u00e1ch TJ Sokol\"}]},{\"@type\":\"WebSite\",\"@id\":\"https:\\\/\\\/sokol.strazov.cz\\\/#website\",\"url\":\"https:\\\/\\\/sokol.strazov.cz\\\/\",\"name\":\"TJ Sokol Str\u00e1\u017eov\",\"description\":\"\",\"publisher\":{\"@id\":\"https:\\\/\\\/sokol.strazov.cz\\\/#organization\"},\"potentialAction\":[{\"@type\":\"SearchAction\",\"target\":{\"@type\":\"EntryPoint\",\"urlTemplate\":\"https:\\\/\\\/sokol.strazov.cz\\\/?s={search_term_string}\"},\"query-input\":{\"@type\":\"PropertyValueSpecification\",\"valueRequired\":true,\"valueName\":\"search_term_string\"}}],\"inLanguage\":\"cs\"},{\"@type\":\"Organization\",\"@id\":\"https:\\\/\\\/sokol.strazov.cz\\\/#organization\",\"name\":\"TJ Sokol Str\u00e1\u017eov\",\"url\":\"https:\\\/\\\/sokol.strazov.cz\\\/\",\"logo\":{\"@type\":\"ImageObject\",\"inLanguage\":\"cs\",\"@id\":\"https:\\\/\\\/sokol.strazov.cz\\\/#\\\/schema\\\/logo\\\/image\\\/\",\"url\":\"https:\\\/\\\/sokol.strazov.cz\\\/wp-content\\\/uploads\\\/2021\\\/01\\\/cropped-sokol.jpg\",\"contentUrl\":\"https:\\\/\\\/sokol.strazov.cz\\\/wp-content\\\/uploads\\\/2021\\\/01\\\/cropped-sokol.jpg\",\"width\":512,\"height\":512,\"caption\":\" TJ Sokol Str\u00e1\u017eov\"},\"image\":{\"@id\":\"https:\\\/\\\/sokol.strazov.cz\\\/#\\\/schema\\\/logo\\\/image\\\/\"}}]}<\/script>\n<!-- \/ Yoast SEO plugin. -->","yoast_head_json":{"title":"V\u00edtejte na str\u00e1nk\u00e1ch TJ Sokol - TJ Sokol Str\u00e1\u017eov","robots":{"index":"index","follow":"follow","max-snippet":"max-snippet:-1","max-image-preview":"max-image-preview:large","max-video-preview":"max-video-preview:-1"},"canonical":"https:\/\/sokol.strazov.cz\/","og_locale":"cs_CZ","og_type":"article","og_title":"V\u00edtejte na str\u00e1nk\u00e1ch TJ Sokol - TJ Sokol Str\u00e1\u017eov","og_description":"Sokol (\u010cesk\u00e1 obec sokolsk\u00e1) je ozna\u010den\u00edm \u010desk\u00e9ho t\u011blocvi\u010dn\u00e9ho spolku, kter\u00fd v historii \u010desk\u00e9 a slovensk\u00e9 t\u011blov\u00fdchovy zaujal pozici nejen nejv\u011bt\u0161\u00ed, ale tak\u00e9 nej\u00fasp\u011b\u0161n\u011bj\u0161\u00ed t\u011blov\u00fdchovn\u00e9 organizace. Za zakladatele Sokola jsou pova\u017eov\u00e1ni Miroslav Tyr\u0161 a Jind\u0159ich F\u00fcgner. Ve sv\u00fdch po\u010d\u00e1tc\u00edch se Sokol inspiroval n\u011bmeck\u00fdmi turnersk\u00fdmi spolky, kter\u00e9 vych\u00e1zely z t\u011blov\u00fdchovy Fridricha Ludwiga Jahna. V letech 1867\u20131868 Tyr\u0161...","og_url":"https:\/\/sokol.strazov.cz\/","og_site_name":"TJ Sokol Str\u00e1\u017eov","article_modified_time":"2024-06-14T14:30:25+00:00","og_image":[{"url":"https:\/\/sokol.strazov.cz\/wp-content\/uploads\/2021\/01\/sokolovna-300x225.jpg","type":"","width":"","height":""}],"twitter_card":"summary_large_image","twitter_misc":{"Odhadovan\u00e1 doba \u010dten\u00ed":"1 minuta"},"schema":{"@context":"https:\/\/schema.org","@graph":[{"@type":"WebPage","@id":"https:\/\/sokol.strazov.cz\/","url":"https:\/\/sokol.strazov.cz\/","name":"V\u00edtejte na str\u00e1nk\u00e1ch TJ Sokol - TJ Sokol Str\u00e1\u017eov","isPartOf":{"@id":"https:\/\/sokol.strazov.cz\/#website"},"primaryImageOfPage":{"@id":"https:\/\/sokol.strazov.cz\/#primaryimage"},"image":{"@id":"https:\/\/sokol.strazov.cz\/#primaryimage"},"thumbnailUrl":"https:\/\/sokol.strazov.cz\/wp-content\/uploads\/2021\/01\/sokolovna-300x225.jpg","datePublished":"2021-01-01T17:15:34+00:00","dateModified":"2024-06-14T14:30:25+00:00","breadcrumb":{"@id":"https:\/\/sokol.strazov.cz\/#breadcrumb"},"inLanguage":"cs","potentialAction":[{"@type":"ReadAction","target":["https:\/\/sokol.strazov.cz\/"]}]},{"@type":"ImageObject","inLanguage":"cs","@id":"https:\/\/sokol.strazov.cz\/#primaryimage","url":"https:\/\/sokol.strazov.cz\/wp-content\/uploads\/2021\/01\/sokolovna.jpg","contentUrl":"https:\/\/sokol.strazov.cz\/wp-content\/uploads\/2021\/01\/sokolovna.jpg","width":980,"height":735},{"@type":"BreadcrumbList","@id":"https:\/\/sokol.strazov.cz\/#breadcrumb","itemListElement":[{"@type":"ListItem","position":1,"name":"Home","item":"https:\/\/sokol.strazov.cz\/"},{"@type":"ListItem","position":2,"name":"V\u00edtejte na str\u00e1nk\u00e1ch TJ Sokol"}]},{"@type":"WebSite","@id":"https:\/\/sokol.strazov.cz\/#website","url":"https:\/\/sokol.strazov.cz\/","name":"TJ Sokol Str\u00e1\u017eov","description":"","publisher":{"@id":"https:\/\/sokol.strazov.cz\/#organization"},"potentialAction":[{"@type":"SearchAction","target":{"@type":"EntryPoint","urlTemplate":"https:\/\/sokol.strazov.cz\/?s={search_term_string}"},"query-input":{"@type":"PropertyValueSpecification","valueRequired":true,"valueName":"search_term_string"}}],"inLanguage":"cs"},{"@type":"Organization","@id":"https:\/\/sokol.strazov.cz\/#organization","name":"TJ Sokol Str\u00e1\u017eov","url":"https:\/\/sokol.strazov.cz\/","logo":{"@type":"ImageObject","inLanguage":"cs","@id":"https:\/\/sokol.strazov.cz\/#\/schema\/logo\/image\/","url":"https:\/\/sokol.strazov.cz\/wp-content\/uploads\/2021\/01\/cropped-sokol.jpg","contentUrl":"https:\/\/sokol.strazov.cz\/wp-content\/uploads\/2021\/01\/cropped-sokol.jpg","width":512,"height":512,"caption":" TJ Sokol Str\u00e1\u017eov"},"image":{"@id":"https:\/\/sokol.strazov.cz\/#\/schema\/logo\/image\/"}}]}},"jetpack_sharing_enabled":true,"_links":{"self":[{"href":"https:\/\/sokol.strazov.cz\/index.php\/wp-json\/wp\/v2\/pages\/2","targetHints":{"allow":["GET"]}}],"collection":[{"href":"https:\/\/sokol.strazov.cz\/index.php\/wp-json\/wp\/v2\/pages"}],"about":[{"href":"https:\/\/sokol.strazov.cz\/index.php\/wp-json\/wp\/v2\/types\/page"}],"author":[{"embeddable":true,"href":"https:\/\/sokol.strazov.cz\/index.php\/wp-json\/wp\/v2\/users\/1"}],"replies":[{"embeddable":true,"href":"https:\/\/sokol.strazov.cz\/index.php\/wp-json\/wp\/v2\/comments?post=2"}],"version-history":[{"count":6,"href":"https:\/\/sokol.strazov.cz\/index.php\/wp-json\/wp\/v2\/pages\/2\/revisions"}],"predecessor-version":[{"id":5792,"href":"https:\/\/sokol.strazov.cz\/index.php\/wp-json\/wp\/v2\/pages\/2\/revisions\/5792"}],"wp:attachment":[{"href":"https:\/\/sokol.strazov.cz\/index.php\/wp-json\/wp\/v2\/media?parent=2"}],"curies":[{"name":"wp","href":"https:\/\/api.w.org\/{rel}","templated":true}]}}